{"id":116,"date":"2025-07-22T13:18:01","date_gmt":"2025-07-22T13:18:01","guid":{"rendered":"https:\/\/telerob-marketing.com\/?page_id=116"},"modified":"2025-12-27T12:45:29","modified_gmt":"2025-12-27T12:45:29","slug":"fahrzeuge-tel600","status":"publish","type":"page","link":"https:\/\/telerob-marketing.com\/de\/fahrzeuge-tel600\/","title":{"rendered":"Fahrzeuge (TEL600)"},"content":{"rendered":"\n<div class=\"wp-block-group alignfull has-background-background-color has-background has-global-padding is-layout-constrained wp-container-core-group-is-layout-fb85e995 wp-block-group-is-layout-constrained\" style=\"border-top-width:1px;margin-top:0;margin-bottom:0;padding-top:var(--wp--preset--spacing--60);padding-right:var(--wp--preset--spacing--30);padding-bottom:var(--wp--preset--spacing--60);padding-left:var(--wp--preset--spacing--30)\">\n<div class=\"wp-block-group alignwide has-global-padding is-layout-constrained wp-block-group-is-layout-constrained\" style=\"border-width:1px\">\n<div class=\"wp-block-media-text alignwide has-media-on-the-right is-stacked-on-mobile\" style=\"grid-template-columns:auto 40%\"><div class=\"wp-block-media-text__content\">\n<div class=\"wp-block-group has-global-padding is-layout-constrained wp-block-group-is-layout-constrained\">\n<h2 class=\"wp-block-heading has-large-font-size\">Einsatzfahrzeuge TEL600<\/h2>\n\n\n\n<p style=\"margin-top:16px\">Unsere Einsatzfahrzeuge werden weltweit zur Bek\u00e4mpfung krimineller und terroristischer Bedrohungen eingesetzt. Sie sind als mobile Einsatzzentralen mit besonders leistungsstarker Klimatisierung und Stromversorgung konzipiert und dadurch bestens f\u00fcr langwierige und komplexe Szenarien gewappnet. Dar\u00fcber hinaus verf\u00fcgen sie \u00fcber einen perfekt organisierten sowie ergonomisch eingerichteten Arbeitsraum, in dem sich eine gro\u00dfe Auswahl an spezialisierter Ausr\u00fcstung befindet. Hierbei achten wir besonders auf die perfekte Integration unserer Roboter.<\/p>\n<\/div>\n<\/div><figure class=\"wp-block-media-text__media\"><img loading=\"lazy\" decoding=\"async\" width=\"800\" height=\"533\" src=\"https:\/\/telerob-marketing.com\/wp-content\/uploads\/2025\/12\/20201214_telerob_39743.jpg\" alt=\"\" class=\"wp-image-662 size-full\" srcset=\"https:\/\/telerob-marketing.com\/wp-content\/uploads\/2025\/12\/20201214_telerob_39743.jpg 800w, https:\/\/telerob-marketing.com\/wp-content\/uploads\/2025\/12\/20201214_telerob_39743-300x200.jpg 300w, https:\/\/telerob-marketing.com\/wp-content\/uploads\/2025\/12\/20201214_telerob_39743-768x512.jpg 768w, https:\/\/telerob-marketing.com\/wp-content\/uploads\/2025\/12\/20201214_telerob_39743-18x12.jpg 18w\" sizes=\"auto, (max-width: 800px) 100vw, 800px\" \/><\/figure><\/div>\n<\/div>\n\n\n\n<div class=\"wp-block-buttons is-content-justification-center is-layout-flex wp-container-core-buttons-is-layout-a89b3969 wp-block-buttons-is-layout-flex\">\n<div class=\"wp-block-button\"><a class=\"wp-block-button__link wp-element-button\" href=\"https:\/\/telerob-marketing.com\/wp-content\/uploads\/2025\/07\/TEL600-Einsatzfahrzeuge-Brochure_042025.pdf\">datenblatt tel600 \u00f6ffnen<\/a><\/div>\n\n\n\n<div class=\"wp-block-button\"><a class=\"wp-block-button__link wp-element-button\" href=\"https:\/\/telerob-marketing.com\/wp-content\/uploads\/2025\/07\/TEL620-TEL640-Multidomain-Broschure_042025.pdf\">Datenblatt TEL600-Multidomain \u00f6ffnen<\/a><\/div>\n<\/div>\n<\/div>\n","protected":false},"excerpt":{"rendered":"<p>Einsatzfahrzeuge TEL600 Unsere Einsatzfahrzeuge werden weltweit zur Bek\u00e4mpfung krimineller und terroristischer Bedrohungen eingesetzt. Sie sind als mobile Einsatzzentralen mit besonders leistungsstarker Klimatisierung und Stromversorgung konzipiert und dadurch bestens f\u00fcr langwierige und komplexe Szenarien gewappnet. Dar\u00fcber hinaus verf\u00fcgen sie \u00fcber einen perfekt organisierten sowie ergonomisch eingerichteten Arbeitsraum, in dem sich eine gro\u00dfe Auswahl an spezialisierter Ausr\u00fcstung [&hellip;]<\/p>\n","protected":false},"author":1,"featured_media":0,"parent":0,"menu_order":0,"comment_status":"closed","ping_status":"closed","template":"","meta":{"footnotes":""},"class_list":["post-116","page","type-page","status-publish","hentry"],"aioseo_notices":[],"_links":{"self":[{"href":"https:\/\/telerob-marketing.com\/de\/wp-json\/wp\/v2\/pages\/116","targetHints":{"allow":["GET"]}}],"collection":[{"href":"https:\/\/telerob-marketing.com\/de\/wp-json\/wp\/v2\/pages"}],"about":[{"href":"https:\/\/telerob-marketing.com\/de\/wp-json\/wp\/v2\/types\/page"}],"author":[{"embeddable":true,"href":"https:\/\/telerob-marketing.com\/de\/wp-json\/wp\/v2\/users\/1"}],"replies":[{"embeddable":true,"href":"https:\/\/telerob-marketing.com\/de\/wp-json\/wp\/v2\/comments?post=116"}],"version-history":[{"count":23,"href":"https:\/\/telerob-marketing.com\/de\/wp-json\/wp\/v2\/pages\/116\/revisions"}],"predecessor-version":[{"id":676,"href":"https:\/\/telerob-marketing.com\/de\/wp-json\/wp\/v2\/pages\/116\/revisions\/676"}],"wp:attachment":[{"href":"https:\/\/telerob-marketing.com\/de\/wp-json\/wp\/v2\/media?parent=116"}],"curies":[{"name":"wp","href":"https:\/\/api.w.org\/{rel}","templated":true}]}}