{"id":12,"date":"2025-07-22T09:07:01","date_gmt":"2025-07-22T09:07:01","guid":{"rendered":"https:\/\/telerob-marketing.com\/home\/"},"modified":"2025-12-09T15:53:02","modified_gmt":"2025-12-09T15:53:02","slug":"home","status":"publish","type":"page","link":"https:\/\/telerob-marketing.com\/de\/","title":{"rendered":"Telerob Marketing"},"content":{"rendered":"\n<div class=\"wp-block-group has-global-padding is-layout-constrained wp-container-core-group-is-layout-c8ee93ac wp-block-group-is-layout-constrained\" style=\"padding-right:var(--wp--preset--spacing--70);padding-left:var(--wp--preset--spacing--70)\">    <video-js id=\"videojs69e344ba40c5b\" class=\"vjs-big-play-centered\" controls preload=\"auto\" playsinline data-setup='{\"fluid\": true}'>\r\n        <source src=\"https:\/\/telerob-marketing.com\/wp-content\/uploads\/2025\/07\/Telerob_Video-1.mp4\" type=\"video\/mp4\" \/>\r\n    <\/video-js>\r\n           \n<\/div>\n\n\n\n<div style=\"height:var(--wp--preset--spacing--50)\" aria-hidden=\"true\" class=\"wp-block-spacer\"><\/div>\n\n\n\n<div class=\"wp-block-group alignfull is-content-justification-center is-layout-flex wp-container-core-group-is-layout-949614fe wp-block-group-is-layout-flex\" style=\"margin-top:0;margin-bottom:0;padding-top:var(--wp--preset--spacing--50);padding-right:var(--wp--preset--spacing--70);padding-bottom:var(--wp--preset--spacing--60);padding-left:var(--wp--preset--spacing--70)\">\n<div class=\"wp-block-group alignwide is-vertical is-layout-flex wp-container-core-group-is-layout-fe9cc265 wp-block-group-is-layout-flex\">\n<div class=\"wp-block-group has-medium-font-size wp-container-content-9cfa9a5a is-vertical is-layout-flex wp-container-core-group-is-layout-1ea19f0e wp-block-group-is-layout-flex\">\n<h2 class=\"wp-block-heading has-large-font-size\">Entdecken Sie unsere Produktvielfalt!<\/h2>\n\n\n\n<p class=\"wp-container-content-9cfa9a5a\" style=\"margin-top:16px\">Werfen Sie einen Blick in unseren aktuellen Katalog und entdecken Sie alle Produkte auf einen Blick, <br>klar strukturiert und mit allen relevanten Informationen. <br>Ob f\u00fcr erste Eindr\u00fccke oder zur gezielten Produktauswahl: Unser Katalog unterst\u00fctzt Sie bei Ihrer Entscheidung.<\/p>\n\n\n\n<div class=\"wp-block-buttons is-layout-flex wp-block-buttons-is-layout-flex\">\n<div class=\"wp-block-button has-custom-width wp-block-button__width-100\"><a class=\"wp-block-button__link wp-element-button\" href=\"https:\/\/telerob-marketing.com\/wp-content\/uploads\/2025\/07\/Telerob_Katalog2025_Web.pdf\" target=\"_blank\" rel=\"noreferrer noopener\">Jetzt Katalog Durchschauen<\/a><\/div>\n<\/div>\n<\/div>\n<\/div>\n\n\n\n<figure class=\"wp-block-image size-full is-resized has-custom-border\"><img loading=\"lazy\" decoding=\"async\" width=\"2000\" height=\"1475\" src=\"https:\/\/telerob-marketing.com\/wp-content\/uploads\/2025\/07\/20201214_telerob_39736.jpg\" alt=\"\" class=\"wp-image-337\" style=\"border-radius:16px;width:500px\" srcset=\"https:\/\/telerob-marketing.com\/wp-content\/uploads\/2025\/07\/20201214_telerob_39736.jpg 2000w, https:\/\/telerob-marketing.com\/wp-content\/uploads\/2025\/07\/20201214_telerob_39736-300x221.jpg 300w, https:\/\/telerob-marketing.com\/wp-content\/uploads\/2025\/07\/20201214_telerob_39736-1024x755.jpg 1024w, https:\/\/telerob-marketing.com\/wp-content\/uploads\/2025\/07\/20201214_telerob_39736-768x566.jpg 768w, https:\/\/telerob-marketing.com\/wp-content\/uploads\/2025\/07\/20201214_telerob_39736-1536x1133.jpg 1536w, https:\/\/telerob-marketing.com\/wp-content\/uploads\/2025\/07\/20201214_telerob_39736-16x12.jpg 16w\" sizes=\"auto, (max-width: 2000px) 100vw, 2000px\" \/><\/figure>\n<\/div>\n\n\n\n<div class=\"wp-block-group alignfull has-tertiary-background-color has-background is-content-justification-center is-layout-flex wp-container-core-group-is-layout-949614fe wp-block-group-is-layout-flex\" style=\"margin-top:0;margin-bottom:0;padding-top:var(--wp--preset--spacing--50);padding-right:var(--wp--preset--spacing--70);padding-bottom:var(--wp--preset--spacing--60);padding-left:var(--wp--preset--spacing--70)\">\n<div class=\"wp-block-group alignwide is-vertical is-layout-flex wp-container-core-group-is-layout-fe9cc265 wp-block-group-is-layout-flex\">\n<div class=\"wp-block-group has-medium-font-size wp-container-content-9cfa9a5a is-vertical is-layout-flex wp-container-core-group-is-layout-1ea19f0e wp-block-group-is-layout-flex\">\n<h2 class=\"wp-block-heading has-large-font-size\">Ein Unternehmen verstehen, hei\u00dft mehr als nur die Produkte <br>zu kennen<\/h2>\n\n\n\n<p style=\"margin-top:16px\">Verschaffen Sie sich einen Einblick in die Welt der Telerob.<br>Die Firmenpr\u00e4sentation zeigt Ihnen, was unser Unternehmen auszeichnet und welche innovativen L\u00f6sungen wir<br>als Antwort auf komplexe Probleme bieten.<\/p>\n\n\n\n<div class=\"wp-block-buttons is-layout-flex wp-block-buttons-is-layout-flex\">\n<div class=\"wp-block-button has-custom-width wp-block-button__width-100\"><a class=\"wp-block-button__link wp-element-button\" href=\"https:\/\/telerob-marketing.com\/wp-content\/uploads\/2025\/12\/DE_Telerob_Firmenprasentation_122025.pdf\" target=\"_blank\" rel=\"noreferrer noopener\">Jetzt Firmenpr\u00e4sentation ansehen<\/a><\/div>\n<\/div>\n<\/div>\n<\/div>\n\n\n\n<figure class=\"wp-block-image size-full is-resized has-custom-border\"><img loading=\"lazy\" decoding=\"async\" width=\"2560\" height=\"1920\" src=\"https:\/\/telerob-marketing.com\/wp-content\/uploads\/2025\/07\/IMG_0592-edited-scaled.jpg\" alt=\"\" class=\"wp-image-419\" style=\"border-radius:16px;width:500px\" srcset=\"https:\/\/telerob-marketing.com\/wp-content\/uploads\/2025\/07\/IMG_0592-edited-scaled.jpg 2560w, https:\/\/telerob-marketing.com\/wp-content\/uploads\/2025\/07\/IMG_0592-edited-300x225.jpg 300w, https:\/\/telerob-marketing.com\/wp-content\/uploads\/2025\/07\/IMG_0592-edited-1024x768.jpg 1024w, https:\/\/telerob-marketing.com\/wp-content\/uploads\/2025\/07\/IMG_0592-edited-768x576.jpg 768w, https:\/\/telerob-marketing.com\/wp-content\/uploads\/2025\/07\/IMG_0592-edited-1536x1152.jpg 1536w, https:\/\/telerob-marketing.com\/wp-content\/uploads\/2025\/07\/IMG_0592-edited-2048x1536.jpg 2048w, https:\/\/telerob-marketing.com\/wp-content\/uploads\/2025\/07\/IMG_0592-edited-16x12.jpg 16w\" sizes=\"auto, (max-width: 2560px) 100vw, 2560px\" \/><\/figure>\n<\/div>\n\n\n\n<div class=\"wp-block-group alignfull is-content-justification-center is-layout-flex wp-container-core-group-is-layout-949614fe wp-block-group-is-layout-flex\" style=\"margin-top:0;margin-bottom:0;padding-top:var(--wp--preset--spacing--50);padding-right:var(--wp--preset--spacing--70);padding-bottom:var(--wp--preset--spacing--60);padding-left:var(--wp--preset--spacing--70)\">\n<div class=\"wp-block-group alignwide is-vertical is-layout-flex wp-container-core-group-is-layout-fe9cc265 wp-block-group-is-layout-flex\">\n<div class=\"wp-block-group has-medium-font-size wp-container-content-9cfa9a5a is-vertical is-layout-flex wp-container-core-group-is-layout-1ea19f0e wp-block-group-is-layout-flex\">\n<h2 class=\"wp-block-heading has-large-font-size\">Hier k\u00f6nnen Sie unser Firmenvideo ansehen<\/h2>\n\n\n\n<p style=\"margin-top:16px\">Hier haben Sie die M\u00f6glichkeit, unser Firmenvideo herunterzuladen, sodass Sie es jederzeit und an jedem Ort <br>bequem ohne Internetverbindung anschauen k\u00f6nnen. <\/p>\n\n\n\n<div class=\"wp-block-buttons is-layout-flex wp-block-buttons-is-layout-flex\">\n<div class=\"wp-block-button has-custom-width wp-block-button__width-100\"><a class=\"wp-block-button__link wp-element-button\" href=\"https:\/\/telerob-marketing.com\/wp-content\/uploads\/2025\/07\/Telerob_Video-1.mp4\" target=\"_blank\" rel=\"noreferrer noopener\">Hier video herunterladen<\/a><\/div>\n<\/div>\n<\/div>\n<\/div>\n\n\n\n<figure class=\"wp-block-image size-full is-resized has-custom-border\"><img loading=\"lazy\" decoding=\"async\" width=\"2560\" height=\"1920\" src=\"https:\/\/telerob-marketing.com\/wp-content\/uploads\/2025\/07\/tEVO-Filmdreh-1-edited-scaled.jpg\" alt=\"\" class=\"wp-image-342\" style=\"border-radius:16px;width:500px;height:auto\" srcset=\"https:\/\/telerob-marketing.com\/wp-content\/uploads\/2025\/07\/tEVO-Filmdreh-1-edited-scaled.jpg 2560w, https:\/\/telerob-marketing.com\/wp-content\/uploads\/2025\/07\/tEVO-Filmdreh-1-edited-300x225.jpg 300w, https:\/\/telerob-marketing.com\/wp-content\/uploads\/2025\/07\/tEVO-Filmdreh-1-edited-1024x768.jpg 1024w, https:\/\/telerob-marketing.com\/wp-content\/uploads\/2025\/07\/tEVO-Filmdreh-1-edited-768x576.jpg 768w, https:\/\/telerob-marketing.com\/wp-content\/uploads\/2025\/07\/tEVO-Filmdreh-1-edited-1536x1152.jpg 1536w, https:\/\/telerob-marketing.com\/wp-content\/uploads\/2025\/07\/tEVO-Filmdreh-1-edited-2048x1536.jpg 2048w, https:\/\/telerob-marketing.com\/wp-content\/uploads\/2025\/07\/tEVO-Filmdreh-1-edited-16x12.jpg 16w\" sizes=\"auto, (max-width: 2560px) 100vw, 2560px\" \/><\/figure>\n<\/div>\n\n\n\n<div class=\"wp-block-group alignfull is-content-justification-center is-layout-flex wp-container-core-group-is-layout-949614fe wp-block-group-is-layout-flex\" style=\"margin-top:0;margin-bottom:0;padding-top:var(--wp--preset--spacing--50);padding-right:var(--wp--preset--spacing--70);padding-bottom:var(--wp--preset--spacing--60);padding-left:var(--wp--preset--spacing--70)\">\n<div class=\"wp-block-group alignwide is-vertical is-layout-flex wp-container-core-group-is-layout-fe9cc265 wp-block-group-is-layout-flex\">\n<div class=\"wp-block-group has-medium-font-size wp-container-content-9cfa9a5a is-vertical is-layout-flex wp-container-core-group-is-layout-a46e281e wp-block-group-is-layout-flex\" style=\"padding-right:var(--wp--preset--spacing--40);padding-left:0\">\n<h2 class=\"wp-block-heading has-large-font-size\">Alle Dokumente auf einmal herunterladen<\/h2>\n\n\n\n<p style=\"margin-top:16px\">Hier k\u00f6nnen Sie alle Dokumente unserer Produkte gesammelt herunterladen, um diese jederzeit \u00fcberall <br>durchschauen zu k\u00f6nnen.<\/p>\n\n\n\n<div class=\"wp-block-buttons is-layout-flex wp-block-buttons-is-layout-flex\">\n<div class=\"wp-block-button has-custom-width wp-block-button__width-100\"><a class=\"wp-block-button__link wp-element-button\" href=\"https:\/\/telerob-marketing.com\/wp-content\/uploads\/2025\/07\/Telerob-Marketing-DE.zip\">Gesammelte Dokumente herunterladen<\/a><\/div>\n<\/div>\n<\/div>\n<\/div>\n\n\n\n<figure class=\"wp-block-image size-full is-resized has-custom-border\"><img loading=\"lazy\" decoding=\"async\" width=\"800\" height=\"533\" src=\"https:\/\/telerob-marketing.com\/wp-content\/uploads\/2025\/07\/20201214_telerob_39754.jpg\" alt=\"\" class=\"wp-image-335\" style=\"border-radius:16px;width:500px\" srcset=\"https:\/\/telerob-marketing.com\/wp-content\/uploads\/2025\/07\/20201214_telerob_39754.jpg 800w, https:\/\/telerob-marketing.com\/wp-content\/uploads\/2025\/07\/20201214_telerob_39754-300x200.jpg 300w, https:\/\/telerob-marketing.com\/wp-content\/uploads\/2025\/07\/20201214_telerob_39754-768x512.jpg 768w, https:\/\/telerob-marketing.com\/wp-content\/uploads\/2025\/07\/20201214_telerob_39754-18x12.jpg 18w\" sizes=\"auto, (max-width: 800px) 100vw, 800px\" \/><\/figure>\n<\/div>\n","protected":false},"excerpt":{"rendered":"<p>Entdecken Sie unsere Produktvielfalt! Werfen Sie einen Blick in unseren aktuellen Katalog und entdecken Sie alle Produkte auf einen Blick, klar strukturiert und mit allen relevanten Informationen. Ob f\u00fcr erste Eindr\u00fccke oder zur gezielten Produktauswahl: Unser Katalog unterst\u00fctzt Sie bei Ihrer Entscheidung. Ein Unternehmen verstehen, hei\u00dft mehr als nur die Produkte zu kennen Verschaffen Sie [&hellip;]<\/p>\n","protected":false},"author":1,"featured_media":0,"parent":0,"menu_order":0,"comment_status":"closed","ping_status":"closed","template":"page-with-title","meta":{"footnotes":""},"class_list":["post-12","page","type-page","status-publish","hentry"],"aioseo_notices":[],"_links":{"self":[{"href":"https:\/\/telerob-marketing.com\/de\/wp-json\/wp\/v2\/pages\/12","targetHints":{"allow":["GET"]}}],"collection":[{"href":"https:\/\/telerob-marketing.com\/de\/wp-json\/wp\/v2\/pages"}],"about":[{"href":"https:\/\/telerob-marketing.com\/de\/wp-json\/wp\/v2\/types\/page"}],"author":[{"embeddable":true,"href":"https:\/\/telerob-marketing.com\/de\/wp-json\/wp\/v2\/users\/1"}],"replies":[{"embeddable":true,"href":"https:\/\/telerob-marketing.com\/de\/wp-json\/wp\/v2\/comments?post=12"}],"version-history":[{"count":39,"href":"https:\/\/telerob-marketing.com\/de\/wp-json\/wp\/v2\/pages\/12\/revisions"}],"predecessor-version":[{"id":598,"href":"https:\/\/telerob-marketing.com\/de\/wp-json\/wp\/v2\/pages\/12\/revisions\/598"}],"wp:attachment":[{"href":"https:\/\/telerob-marketing.com\/de\/wp-json\/wp\/v2\/media?parent=12"}],"curies":[{"name":"wp","href":"https:\/\/api.w.org\/{rel}","templated":true}]}}