{"id":106,"date":"2025-07-22T13:15:37","date_gmt":"2025-07-22T13:15:37","guid":{"rendered":"https:\/\/telerob-marketing.com\/?page_id=106"},"modified":"2026-04-08T12:08:26","modified_gmt":"2026-04-08T12:08:26","slug":"telemax-evo","status":"publish","type":"page","link":"https:\/\/telerob-marketing.com\/en\/telemax-evo\/","title":{"rendered":"telemax EVO"},"content":{"rendered":"<div class=\"wp-block-group alignfull has-background-background-color has-background has-global-padding is-layout-constrained wp-container-core-group-is-layout-fb85e995 wp-block-group-is-layout-constrained\" style=\"border-top-width:1px;margin-top:0;margin-bottom:0;padding-top:var(--wp--preset--spacing--60);padding-right:var(--wp--preset--spacing--30);padding-bottom:var(--wp--preset--spacing--60);padding-left:var(--wp--preset--spacing--30)\">\n<div class=\"wp-block-group alignwide has-global-padding is-layout-constrained wp-block-group-is-layout-constrained\" style=\"border-width:1px\">\n<div class=\"wp-block-media-text alignwide has-media-on-the-right is-stacked-on-mobile\" style=\"grid-template-columns:auto 40%\"><div class=\"wp-block-media-text__content\">\n<div class=\"wp-block-group has-global-padding is-layout-constrained wp-block-group-is-layout-constrained\">\n<h2 class=\"wp-block-heading has-large-font-size\">telemax EVO HYBRID<\/h2>\n\n\n\n<p style=\"margin-top:16px\">The telemax EVO HYBRID is a maneuverable<br>unmanned ground vehicle (UGV)<br>developed for bomb disposal experts<br>and particularly useful in confined spaces<br>such as airplanes, subways, and buses.<br>It features as a powerful<br>6-axis precision manipulator with tool<br>center point control and automatic tool change.<\/p>\n<\/div>\n<\/div><figure class=\"wp-block-media-text__media\"><img loading=\"lazy\" decoding=\"async\" width=\"1024\" height=\"793\" src=\"https:\/\/telerob-marketing.com\/wp-content\/uploads\/2025\/07\/20240606_Telerob_telemax-EVO_HYBRID_70871-1024x793.png\" alt=\"\" class=\"wp-image-90 size-full\" srcset=\"https:\/\/telerob-marketing.com\/wp-content\/uploads\/2025\/07\/20240606_Telerob_telemax-EVO_HYBRID_70871-1024x793.png 1024w, https:\/\/telerob-marketing.com\/wp-content\/uploads\/2025\/07\/20240606_Telerob_telemax-EVO_HYBRID_70871-300x232.png 300w, https:\/\/telerob-marketing.com\/wp-content\/uploads\/2025\/07\/20240606_Telerob_telemax-EVO_HYBRID_70871-768x595.png 768w, https:\/\/telerob-marketing.com\/wp-content\/uploads\/2025\/07\/20240606_Telerob_telemax-EVO_HYBRID_70871-1536x1190.png 1536w, https:\/\/telerob-marketing.com\/wp-content\/uploads\/2025\/07\/20240606_Telerob_telemax-EVO_HYBRID_70871-2048x1587.png 2048w\" sizes=\"auto, (max-width: 1024px) 100vw, 1024px\" \/><\/figure><\/div>\n<\/div>\n\n\n\n<div class=\"wp-block-buttons is-content-justification-center is-layout-flex wp-container-core-buttons-is-layout-a89b3969 wp-block-buttons-is-layout-flex\">\n<div class=\"wp-block-button\"><a class=\"wp-block-button__link wp-element-button\" href=\"https:\/\/telerob-marketing.com\/wp-content\/uploads\/2025\/07\/Telerob-Data-sheet_telemax-EVO-HYBRID_062025.pdf\">Open Data sheet<\/a><\/div>\n\n\n\n<div class=\"wp-block-button\"><a class=\"wp-block-button__link wp-element-button\" href=\"https:\/\/telerob-marketing.com\/wp-content\/uploads\/2025\/10\/EN_Product-description-telemax-EVO-HYBRID_Rev092025.pdf\">Open Product Description<\/a><\/div>\n\n\n\n<div class=\"wp-block-button\"><a class=\"wp-block-button__link wp-element-button\" href=\"https:\/\/telerob-marketing.com\/wp-content\/uploads\/2026\/02\/20210720_telerob_Produktvideos_Telemax_Hybrid_MASTER_HR.mp4\">View Video<\/a><\/div>\n<\/div>\n<\/div>\n\n\n\n<div class=\"wp-block-group alignfull has-background-background-color has-background has-global-padding is-layout-constrained wp-container-core-group-is-layout-fb85e995 wp-block-group-is-layout-constrained\" style=\"border-top-width:1px;margin-top:0;margin-bottom:0;padding-top:var(--wp--preset--spacing--60);padding-right:var(--wp--preset--spacing--30);padding-bottom:var(--wp--preset--spacing--60);padding-left:var(--wp--preset--spacing--30)\">\n<div class=\"wp-block-group alignwide has-global-padding is-layout-constrained wp-block-group-is-layout-constrained\" style=\"border-width:1px\">\n<div class=\"wp-block-media-text alignwide has-media-on-the-right is-stacked-on-mobile\" style=\"grid-template-columns:auto 40%\"><div class=\"wp-block-media-text__content\">\n<div class=\"wp-block-group has-global-padding is-layout-constrained wp-block-group-is-layout-constrained\">\n<h2 class=\"wp-block-heading has-large-font-size\">telemax EVO PLUS<\/h2>\n\n\n\n<p style=\"margin-top:16px\">The telemax EVO PLUS is the largest and<br>kr\u00e4ftigste unbemannte Bodenfahrzeug (UGV) der telemax Serie und damit ideal f\u00fcr EOD-, HAZMAT-, CBRN-Operationen und hochgef\u00e4hrliche Eins\u00e4tze der Sicherheitskr\u00e4fte. Sein 6-Achsen-Manipulator kombiniert starke Hebekraft mit pr\u00e4ziser Bewegung und verf\u00fcgt \u00fcber eine Tool Center Point-Steuerung, die eine der menschlichen Bewegung nachempfundene Steuerung erm\u00f6glicht.<\/p>\n<\/div>\n<\/div><figure class=\"wp-block-media-text__media\"><img loading=\"lazy\" decoding=\"async\" width=\"768\" height=\"1024\" src=\"https:\/\/telerob-marketing.com\/wp-content\/uploads\/2025\/12\/Telerob_telemax-EVO_PLUS_70836--768x1024.png\" alt=\"\" class=\"wp-image-669 size-full\" srcset=\"https:\/\/telerob-marketing.com\/wp-content\/uploads\/2025\/12\/Telerob_telemax-EVO_PLUS_70836--768x1024.png 768w, https:\/\/telerob-marketing.com\/wp-content\/uploads\/2025\/12\/Telerob_telemax-EVO_PLUS_70836--225x300.png 225w, https:\/\/telerob-marketing.com\/wp-content\/uploads\/2025\/12\/Telerob_telemax-EVO_PLUS_70836--1152x1536.png 1152w, https:\/\/telerob-marketing.com\/wp-content\/uploads\/2025\/12\/Telerob_telemax-EVO_PLUS_70836--1536x2048.png 1536w, https:\/\/telerob-marketing.com\/wp-content\/uploads\/2025\/12\/Telerob_telemax-EVO_PLUS_70836--9x12.png 9w, https:\/\/telerob-marketing.com\/wp-content\/uploads\/2025\/12\/Telerob_telemax-EVO_PLUS_70836--scaled.png 1920w\" sizes=\"auto, (max-width: 768px) 100vw, 768px\" \/><\/figure><\/div>\n<\/div>\n\n\n\n<div class=\"wp-block-buttons is-content-justification-center is-layout-flex wp-container-core-buttons-is-layout-a89b3969 wp-block-buttons-is-layout-flex\">\n<div class=\"wp-block-button\"><a class=\"wp-block-button__link wp-element-button\" href=\"https:\/\/telerob-marketing.com\/wp-content\/uploads\/2025\/07\/Telerob-Data-sheet_telemax-EVO-PLUS_062025.pdf\">Open Data sheet<\/a><\/div>\n\n\n\n<div class=\"wp-block-button\"><a class=\"wp-block-button__link wp-element-button\" href=\"https:\/\/telerob-marketing.com\/wp-content\/uploads\/2025\/10\/EN_Product-description-telemax-EVO-PLUS_Rev092025.pdf\">Open Product Description<\/a><\/div>\n\n\n\n<div class=\"wp-block-button\"><a class=\"wp-block-button__link wp-element-button\" href=\"https:\/\/telerob-marketing.com\/wp-content\/uploads\/2026\/02\/20210720_telerob_Produktvideos_Telemax_Plus_MASTER_HR.mp4\">View Video<\/a><\/div>\n<\/div>\n<\/div>\n\n\n\n<div class=\"wp-block-group alignfull has-background-background-color has-background has-global-padding is-layout-constrained wp-container-core-group-is-layout-fb85e995 wp-block-group-is-layout-constrained\" style=\"border-top-width:1px;margin-top:0;margin-bottom:0;padding-top:var(--wp--preset--spacing--60);padding-right:var(--wp--preset--spacing--30);padding-bottom:var(--wp--preset--spacing--60);padding-left:var(--wp--preset--spacing--30)\">\n<div class=\"wp-block-group alignwide has-global-padding is-layout-constrained wp-block-group-is-layout-constrained\" style=\"border-width:1px\">\n<div class=\"wp-block-media-text alignwide has-media-on-the-right is-stacked-on-mobile\" style=\"grid-template-columns:auto 40%\"><div class=\"wp-block-media-text__content\">\n<div class=\"wp-block-group has-global-padding is-layout-constrained wp-block-group-is-layout-constrained\">\n<h2 class=\"wp-block-heading has-large-font-size\">Upgrade to telemax EVO<\/h2>\n\n\n\n<p style=\"margin-top:16px\">Upgrade to telemax EVO Upgrading telemax to the EVO generation offers a wide range of new functions and technical enhancements.<\/p>\n\n\n\n<p style=\"margin-top:16px\">Telemax EVO features a modern, future-proof operating concept with a multi-touch screen and ergonomic design.<\/p>\n\n\n\n<div class=\"wp-block-columns is-layout-flex wp-container-core-columns-is-layout-28f84493 wp-block-columns-is-layout-flex\">\n<div class=\"wp-block-column is-layout-flow wp-block-column-is-layout-flow\"><\/div>\n<\/div>\n<\/div>\n<\/div><figure class=\"wp-block-media-text__media\"><img loading=\"lazy\" decoding=\"async\" width=\"1024\" height=\"683\" src=\"https:\/\/telerob-marketing.com\/wp-content\/uploads\/2025\/10\/Telerob_Katalog_20170426-0096-1024x683.jpg\" alt=\"\" class=\"wp-image-487 size-full\" srcset=\"https:\/\/telerob-marketing.com\/wp-content\/uploads\/2025\/10\/Telerob_Katalog_20170426-0096-1024x683.jpg 1024w, https:\/\/telerob-marketing.com\/wp-content\/uploads\/2025\/10\/Telerob_Katalog_20170426-0096-300x200.jpg 300w, https:\/\/telerob-marketing.com\/wp-content\/uploads\/2025\/10\/Telerob_Katalog_20170426-0096-768x512.jpg 768w, https:\/\/telerob-marketing.com\/wp-content\/uploads\/2025\/10\/Telerob_Katalog_20170426-0096-1536x1024.jpg 1536w, https:\/\/telerob-marketing.com\/wp-content\/uploads\/2025\/10\/Telerob_Katalog_20170426-0096-2048x1366.jpg 2048w, https:\/\/telerob-marketing.com\/wp-content\/uploads\/2025\/10\/Telerob_Katalog_20170426-0096-18x12.jpg 18w\" sizes=\"auto, (max-width: 1024px) 100vw, 1024px\" \/><\/figure><\/div>\n<\/div>\n\n\n\n<div class=\"wp-block-buttons is-content-justification-center is-layout-flex wp-container-core-buttons-is-layout-a89b3969 wp-block-buttons-is-layout-flex\">\n<div class=\"wp-block-button\"><a class=\"wp-block-button__link wp-element-button\" href=\"https:\/\/telerob-marketing.com\/wp-content\/uploads\/2026\/02\/EN_Telerob-Data-sheet_Upgrade-telemax-EVO_012025.pdf\">View data sheet upgrade<\/a><\/div>\n<\/div>\n<\/div>\n\n\n\n<div class=\"wp-block-group alignfull has-background-background-color has-background has-global-padding is-layout-constrained wp-container-core-group-is-layout-fb85e995 wp-block-group-is-layout-constrained\" style=\"border-top-width:1px;margin-top:0;margin-bottom:0;padding-top:var(--wp--preset--spacing--60);padding-right:var(--wp--preset--spacing--30);padding-bottom:var(--wp--preset--spacing--60);padding-left:var(--wp--preset--spacing--30)\">\n<div class=\"wp-block-group alignwide has-global-padding is-layout-constrained wp-block-group-is-layout-constrained\" style=\"border-width:1px\">\n<div class=\"wp-block-media-text alignwide has-media-on-the-right is-stacked-on-mobile\" style=\"grid-template-columns:auto 40%\"><div class=\"wp-block-media-text__content\">\n<div class=\"wp-block-group has-global-padding is-layout-constrained wp-block-group-is-layout-constrained\">\n<h2 class=\"wp-block-heading has-large-font-size\">telemax EVO accessories<\/h2>\n\n\n\n<p style=\"margin-top:16px\">An overview of the entire range of accessories for the telemax EVO series.<\/p>\n\n\n\n<div class=\"wp-block-columns is-layout-flex wp-container-core-columns-is-layout-28f84493 wp-block-columns-is-layout-flex\">\n<div class=\"wp-block-column is-layout-flow wp-block-column-is-layout-flow\"><\/div>\n<\/div>\n<\/div>\n<\/div><figure class=\"wp-block-media-text__media\"><img loading=\"lazy\" decoding=\"async\" width=\"1024\" height=\"768\" src=\"https:\/\/telerob-marketing.com\/wp-content\/uploads\/2025\/12\/zubehoer_telemax_evo_preview-edited-1024x768.png\" alt=\"\" class=\"wp-image-649 size-full\" srcset=\"https:\/\/telerob-marketing.com\/wp-content\/uploads\/2025\/12\/zubehoer_telemax_evo_preview-edited-1024x768.png 1024w, https:\/\/telerob-marketing.com\/wp-content\/uploads\/2025\/12\/zubehoer_telemax_evo_preview-edited-300x225.png 300w, https:\/\/telerob-marketing.com\/wp-content\/uploads\/2025\/12\/zubehoer_telemax_evo_preview-edited-768x576.png 768w, https:\/\/telerob-marketing.com\/wp-content\/uploads\/2025\/12\/zubehoer_telemax_evo_preview-edited-16x12.png 16w, https:\/\/telerob-marketing.com\/wp-content\/uploads\/2025\/12\/zubehoer_telemax_evo_preview-edited.png 1137w\" sizes=\"auto, (max-width: 1024px) 100vw, 1024px\" \/><\/figure><\/div>\n<\/div>\n\n\n\n<div class=\"wp-block-buttons is-content-justification-center is-layout-flex wp-container-core-buttons-is-layout-a89b3969 wp-block-buttons-is-layout-flex\">\n<div class=\"wp-block-button\"><a class=\"wp-block-button__link wp-element-button\" href=\"https:\/\/telerob-marketing.com\/wp-content\/uploads\/2025\/12\/Zubehor-telemax-EVO_122025.pdf\">browse accessories for Telemax Evo<\/a><\/div>\n<\/div>\n\n\n\n<div style=\"height:100px\" aria-hidden=\"true\" class=\"wp-block-spacer\"><\/div>\n<\/div>","protected":false},"excerpt":{"rendered":"<p>telemax EVO HYBRID Der telemax EVO HYBRID ist ein wendigesunbemanntes Bodenfahrzeug (UGV),das f\u00fcr Entsch\u00e4rfungsspezialisten entwickeltwurde und sich vor allem in engen R\u00e4umenwie Flugzeugen, U-Bahnen und Bussenbew\u00e4hrt. Es verf\u00fcgt \u00fcber einen starken6-Achsen-Pr\u00e4zisions-Manipulator mit ToolCenter Point-Steuerung und automatischem Werkzeugwechsel. telemax EVO PLUS Der telemax EVO PLUS ist das gr\u00f6\u00dfte undkr\u00e4ftigste unbemannte Bodenfahrzeug (UGV) der telemax Serie und [&hellip;]<\/p>\n","protected":false},"author":1,"featured_media":0,"parent":0,"menu_order":0,"comment_status":"closed","ping_status":"closed","template":"","meta":{"footnotes":""},"class_list":["post-106","page","type-page","status-publish","hentry"],"aioseo_notices":[],"_links":{"self":[{"href":"https:\/\/telerob-marketing.com\/en\/wp-json\/wp\/v2\/pages\/106","targetHints":{"allow":["GET"]}}],"collection":[{"href":"https:\/\/telerob-marketing.com\/en\/wp-json\/wp\/v2\/pages"}],"about":[{"href":"https:\/\/telerob-marketing.com\/en\/wp-json\/wp\/v2\/types\/page"}],"author":[{"embeddable":true,"href":"https:\/\/telerob-marketing.com\/en\/wp-json\/wp\/v2\/users\/1"}],"replies":[{"embeddable":true,"href":"https:\/\/telerob-marketing.com\/en\/wp-json\/wp\/v2\/comments?post=106"}],"version-history":[{"count":54,"href":"https:\/\/telerob-marketing.com\/en\/wp-json\/wp\/v2\/pages\/106\/revisions"}],"predecessor-version":[{"id":725,"href":"https:\/\/telerob-marketing.com\/en\/wp-json\/wp\/v2\/pages\/106\/revisions\/725"}],"wp:attachment":[{"href":"https:\/\/telerob-marketing.com\/en\/wp-json\/wp\/v2\/media?parent=106"}],"curies":[{"name":"wp","href":"https:\/\/api.w.org\/{rel}","templated":true}]}}