{"id":109,"date":"2025-07-22T13:16:33","date_gmt":"2025-07-22T13:16:33","guid":{"rendered":"https:\/\/telerob-marketing.com\/?page_id=109"},"modified":"2026-02-06T13:30:03","modified_gmt":"2026-02-06T13:30:03","slug":"teodor-evo","status":"publish","type":"page","link":"https:\/\/telerob-marketing.com\/en\/teodor-evo\/","title":{"rendered":"tEODor EVO"},"content":{"rendered":"<div class=\"wp-block-group alignfull has-background-background-color has-background has-global-padding is-layout-constrained wp-container-core-group-is-layout-fb85e995 wp-block-group-is-layout-constrained\" style=\"border-top-width:1px;margin-top:0;margin-bottom:0;padding-top:var(--wp--preset--spacing--60);padding-right:var(--wp--preset--spacing--30);padding-bottom:var(--wp--preset--spacing--60);padding-left:var(--wp--preset--spacing--30)\">\n<div class=\"wp-block-group alignwide has-global-padding is-layout-constrained wp-block-group-is-layout-constrained\" style=\"border-width:1px\">\n<div class=\"wp-block-media-text alignwide has-media-on-the-right is-stacked-on-mobile\" style=\"grid-template-columns:auto 40%\"><div class=\"wp-block-media-text__content\">\n<div class=\"wp-block-group has-global-padding is-layout-constrained wp-block-group-is-layout-constrained\">\n<h2 class=\"wp-block-heading has-large-font-size\">tEODor EVO<\/h2>\n\n\n\n<p style=\"margin-top:16px\">Purpose-built for explosive ordnance disposal and disarming improvised explosive devices, the tEODor EVO is heavy lift capable, and features a telescopic 6-axis manipulator that enables it to precisely handle hazardous materials.<\/p>\n\n\n\n<p style=\"margin-top:16px\">The dual-track drive system with independent high-torque motors allows it to traverse multiple gradients, high obstacles or steep inclines.<\/p>\n<\/div>\n<\/div><figure class=\"wp-block-media-text__media\"><img loading=\"lazy\" decoding=\"async\" width=\"768\" height=\"1024\" src=\"https:\/\/telerob-marketing.com\/wp-content\/uploads\/2025\/12\/Telerob_tEODor-EVO_70825-768x1024.png\" alt=\"\" class=\"wp-image-666 size-full\" srcset=\"https:\/\/telerob-marketing.com\/wp-content\/uploads\/2025\/12\/Telerob_tEODor-EVO_70825-768x1024.png 768w, https:\/\/telerob-marketing.com\/wp-content\/uploads\/2025\/12\/Telerob_tEODor-EVO_70825-225x300.png 225w, https:\/\/telerob-marketing.com\/wp-content\/uploads\/2025\/12\/Telerob_tEODor-EVO_70825-1152x1536.png 1152w, https:\/\/telerob-marketing.com\/wp-content\/uploads\/2025\/12\/Telerob_tEODor-EVO_70825-1536x2048.png 1536w, https:\/\/telerob-marketing.com\/wp-content\/uploads\/2025\/12\/Telerob_tEODor-EVO_70825-9x12.png 9w, https:\/\/telerob-marketing.com\/wp-content\/uploads\/2025\/12\/Telerob_tEODor-EVO_70825-scaled.png 1920w\" sizes=\"auto, (max-width: 768px) 100vw, 768px\" \/><\/figure><\/div>\n<\/div>\n\n\n\n<div class=\"wp-block-buttons is-content-justification-center is-layout-flex wp-container-core-buttons-is-layout-a89b3969 wp-block-buttons-is-layout-flex\">\n<div class=\"wp-block-button\"><a class=\"wp-block-button__link wp-element-button\" href=\"https:\/\/telerob-marketing.com\/wp-content\/uploads\/2026\/02\/EN_Telerob-Data-sheet_tEODor-EVO_082025.pdf\">Open Data sheet<\/a><\/div>\n\n\n\n<div class=\"wp-block-button\"><a class=\"wp-block-button__link wp-element-button\" href=\"https:\/\/telerob-marketing.com\/wp-content\/uploads\/2026\/02\/EN_Product-description-tEODor-EVO_Rev102025.pdf\">Open Product description<\/a><\/div>\n\n\n\n<div class=\"wp-block-button\"><a class=\"wp-block-button__link wp-element-button\" href=\"https:\/\/telerob-marketing.com\/wp-content\/uploads\/2025\/07\/tEODor-EVO-1.mp4\">view video<\/a><\/div>\n<\/div>\n<\/div>\n\n\n\n<div class=\"wp-block-group alignfull has-background-background-color has-background has-global-padding is-layout-constrained wp-container-core-group-is-layout-fb85e995 wp-block-group-is-layout-constrained\" style=\"border-top-width:1px;margin-top:0;margin-bottom:0;padding-top:var(--wp--preset--spacing--60);padding-right:var(--wp--preset--spacing--30);padding-bottom:var(--wp--preset--spacing--60);padding-left:var(--wp--preset--spacing--30)\">\n<div class=\"wp-block-group alignwide has-global-padding is-layout-constrained wp-block-group-is-layout-constrained\" style=\"border-width:1px\">\n<div class=\"wp-block-media-text alignwide has-media-on-the-right is-stacked-on-mobile\" style=\"grid-template-columns:auto 40%\"><div class=\"wp-block-media-text__content\">\n<div class=\"wp-block-group has-global-padding is-layout-constrained wp-block-group-is-layout-constrained\">\n<h2 class=\"wp-block-heading has-large-font-size\">tEODor EVO accessories<\/h2>\n\n\n\n<p style=\"margin-top:16px\">Get a complete overview of the accessories available for tEODor EVO.<\/p>\n<\/div>\n<\/div><figure class=\"wp-block-media-text__media\"><img loading=\"lazy\" decoding=\"async\" width=\"958\" height=\"719\" src=\"https:\/\/telerob-marketing.com\/wp-content\/uploads\/2025\/12\/zubehoer_teodor_evo_preview-edited.png\" alt=\"\" class=\"wp-image-667 size-full\" srcset=\"https:\/\/telerob-marketing.com\/wp-content\/uploads\/2025\/12\/zubehoer_teodor_evo_preview-edited.png 958w, https:\/\/telerob-marketing.com\/wp-content\/uploads\/2025\/12\/zubehoer_teodor_evo_preview-edited-300x225.png 300w, https:\/\/telerob-marketing.com\/wp-content\/uploads\/2025\/12\/zubehoer_teodor_evo_preview-edited-768x576.png 768w, https:\/\/telerob-marketing.com\/wp-content\/uploads\/2025\/12\/zubehoer_teodor_evo_preview-edited-16x12.png 16w\" sizes=\"auto, (max-width: 958px) 100vw, 958px\" \/><\/figure><\/div>\n<\/div>\n\n\n\n<div class=\"wp-block-buttons is-content-justification-center is-layout-flex wp-container-core-buttons-is-layout-a89b3969 wp-block-buttons-is-layout-flex\">\n<div class=\"wp-block-button\"><a class=\"wp-block-button__link wp-element-button\" href=\"https:\/\/telerob-marketing.com\/wp-content\/uploads\/2025\/12\/Zubehor-tEODor-EVO_122025.pdf\">Browse accessories tEODor EVO<\/a><\/div>\n<\/div>\n<\/div>\n\n\n\n<div class=\"wp-block-group alignfull has-background-background-color has-background has-global-padding is-layout-constrained wp-container-core-group-is-layout-fb85e995 wp-block-group-is-layout-constrained\" style=\"border-top-width:1px;margin-top:0;margin-bottom:0;padding-top:var(--wp--preset--spacing--60);padding-right:var(--wp--preset--spacing--30);padding-bottom:var(--wp--preset--spacing--60);padding-left:var(--wp--preset--spacing--30)\">\n<div class=\"wp-block-group alignwide has-global-padding is-layout-constrained wp-block-group-is-layout-constrained\" style=\"border-width:1px\">\n<div class=\"wp-block-media-text alignwide has-media-on-the-right is-stacked-on-mobile\" style=\"grid-template-columns:auto 40%\"><div class=\"wp-block-media-text__content\">\n<div class=\"wp-block-group has-global-padding is-layout-constrained wp-block-group-is-layout-constrained\">\n<h2 class=\"wp-block-heading has-large-font-size\">Upgrade to tEODor EVO<\/h2>\n\n\n\n<p style=\"margin-top:16px\">The upgrade of the tEODor to the EVO generation offers a wide range of new functions and technical enhancements.<\/p>\n\n\n\n<p style=\"margin-top:16px\">The tEODor EVO features a modern,sustainable operating concept with multi-touch screen and ergonomic design.<\/p>\n<\/div>\n<\/div><figure class=\"wp-block-media-text__media\"><img loading=\"lazy\" decoding=\"async\" width=\"1024\" height=\"768\" src=\"https:\/\/telerob-marketing.com\/wp-content\/uploads\/2025\/12\/AFG1-edited-scaled-1-1024x768.jpg\" alt=\"\" class=\"wp-image-668 size-full\" srcset=\"https:\/\/telerob-marketing.com\/wp-content\/uploads\/2025\/12\/AFG1-edited-scaled-1-1024x768.jpg 1024w, https:\/\/telerob-marketing.com\/wp-content\/uploads\/2025\/12\/AFG1-edited-scaled-1-300x225.jpg 300w, https:\/\/telerob-marketing.com\/wp-content\/uploads\/2025\/12\/AFG1-edited-scaled-1-768x576.jpg 768w, https:\/\/telerob-marketing.com\/wp-content\/uploads\/2025\/12\/AFG1-edited-scaled-1-1536x1152.jpg 1536w, https:\/\/telerob-marketing.com\/wp-content\/uploads\/2025\/12\/AFG1-edited-scaled-1-2048x1536.jpg 2048w, https:\/\/telerob-marketing.com\/wp-content\/uploads\/2025\/12\/AFG1-edited-scaled-1-16x12.jpg 16w\" sizes=\"auto, (max-width: 1024px) 100vw, 1024px\" \/><\/figure><\/div>\n<\/div>\n\n\n\n<div class=\"wp-block-buttons is-content-justification-center is-layout-flex wp-container-core-buttons-is-layout-a89b3969 wp-block-buttons-is-layout-flex\">\n<div class=\"wp-block-button\"><a class=\"wp-block-button__link wp-element-button\" href=\"https:\/\/telerob-marketing.com\/wp-content\/uploads\/2026\/02\/EN_Data-sheet_Upgrade-tEODor_122025.pdf\">View Data Sheet Upgrade<\/a><\/div>\n<\/div>\n<\/div>\n\n\n\n<p><\/p>","protected":false},"excerpt":{"rendered":"<p>tEODor EVO Der tEODor EVO wurde speziell f\u00fcr die Kampfmittelbeseitigung und die Entsch\u00e4rfung von unkonventionellen Spreng- und Brandvorrichtungen entwickelt. Er eignet sich besonders f\u00fcr Eins\u00e4tze mit schweren Objekten und verf\u00fcgt \u00fcber einen 6-Achsen-Manipulator mit Teleskop, der eine pr\u00e4zise Handhabung von Gefahrstoffen erm\u00f6glicht. Das Kettenfahrwerk mit Hochleistungsantrieben \u00fcberwindet problemlos Steigungen, hohe Hindernisse oder steile Gef\u00e4lle. Zubeh\u00f6r [&hellip;]<\/p>\n","protected":false},"author":1,"featured_media":134,"parent":0,"menu_order":0,"comment_status":"closed","ping_status":"closed","template":"","meta":{"footnotes":""},"class_list":["post-109","page","type-page","status-publish","has-post-thumbnail","hentry"],"aioseo_notices":[],"_links":{"self":[{"href":"https:\/\/telerob-marketing.com\/en\/wp-json\/wp\/v2\/pages\/109","targetHints":{"allow":["GET"]}}],"collection":[{"href":"https:\/\/telerob-marketing.com\/en\/wp-json\/wp\/v2\/pages"}],"about":[{"href":"https:\/\/telerob-marketing.com\/en\/wp-json\/wp\/v2\/types\/page"}],"author":[{"embeddable":true,"href":"https:\/\/telerob-marketing.com\/en\/wp-json\/wp\/v2\/users\/1"}],"replies":[{"embeddable":true,"href":"https:\/\/telerob-marketing.com\/en\/wp-json\/wp\/v2\/comments?post=109"}],"version-history":[{"count":122,"href":"https:\/\/telerob-marketing.com\/en\/wp-json\/wp\/v2\/pages\/109\/revisions"}],"predecessor-version":[{"id":703,"href":"https:\/\/telerob-marketing.com\/en\/wp-json\/wp\/v2\/pages\/109\/revisions\/703"}],"wp:featuredmedia":[{"embeddable":true,"href":"https:\/\/telerob-marketing.com\/en\/wp-json\/wp\/v2\/media\/134"}],"wp:attachment":[{"href":"https:\/\/telerob-marketing.com\/en\/wp-json\/wp\/v2\/media?parent=109"}],"curies":[{"name":"wp","href":"https:\/\/api.w.org\/{rel}","templated":true}]}}