{"id":112,"date":"2025-07-22T13:17:17","date_gmt":"2025-07-22T13:17:17","guid":{"rendered":"https:\/\/telerob-marketing.com\/?page_id=112"},"modified":"2026-02-06T13:09:40","modified_gmt":"2026-02-06T13:09:40","slug":"robo-command","status":"publish","type":"page","link":"https:\/\/telerob-marketing.com\/en\/robo-command\/","title":{"rendered":"Robo Command"},"content":{"rendered":"<div class=\"wp-block-group alignfull has-background-background-color has-background has-global-padding is-layout-constrained wp-container-core-group-is-layout-fb85e995 wp-block-group-is-layout-constrained\" style=\"border-top-width:1px;margin-top:0;margin-bottom:0;padding-top:var(--wp--preset--spacing--60);padding-right:var(--wp--preset--spacing--30);padding-bottom:var(--wp--preset--spacing--60);padding-left:var(--wp--preset--spacing--30)\">\n<div class=\"wp-block-group alignwide has-global-padding is-layout-constrained wp-block-group-is-layout-constrained\" style=\"border-width:1px\">\n<div class=\"wp-block-media-text alignwide has-media-on-the-right is-stacked-on-mobile\" style=\"grid-template-columns:auto 40%\"><div class=\"wp-block-media-text__content\">\n<div class=\"wp-block-group has-global-padding is-layout-constrained wp-block-group-is-layout-constrained\">\n<h2 class=\"wp-block-heading has-large-font-size\">Robo Command<\/h2>\n\n\n\n<p style=\"margin-top:16px\">The Robo Command Control Station provides uniform command and control of all telemax\u2122 EVO and tEODor\u2122 EVO unmanned ground vehicles (UGVs), enabling multi-robot operations and reducing operator training requirements.<\/p>\n<\/div>\n<\/div><figure class=\"wp-block-media-text__media\"><img loading=\"lazy\" decoding=\"async\" width=\"768\" height=\"1024\" src=\"https:\/\/telerob-marketing.com\/wp-content\/uploads\/2025\/12\/Telerob_Robo-Command_70967--768x1024.png\" alt=\"\" class=\"wp-image-663 size-full\" srcset=\"https:\/\/telerob-marketing.com\/wp-content\/uploads\/2025\/12\/Telerob_Robo-Command_70967--768x1024.png 768w, https:\/\/telerob-marketing.com\/wp-content\/uploads\/2025\/12\/Telerob_Robo-Command_70967--225x300.png 225w, https:\/\/telerob-marketing.com\/wp-content\/uploads\/2025\/12\/Telerob_Robo-Command_70967--1152x1536.png 1152w, https:\/\/telerob-marketing.com\/wp-content\/uploads\/2025\/12\/Telerob_Robo-Command_70967--1536x2048.png 1536w, https:\/\/telerob-marketing.com\/wp-content\/uploads\/2025\/12\/Telerob_Robo-Command_70967--9x12.png 9w, https:\/\/telerob-marketing.com\/wp-content\/uploads\/2025\/12\/Telerob_Robo-Command_70967--scaled.png 1920w\" sizes=\"auto, (max-width: 768px) 100vw, 768px\" \/><\/figure><\/div>\n<\/div>\n\n\n\n<div class=\"wp-block-buttons is-content-justification-center is-layout-flex wp-container-core-buttons-is-layout-a89b3969 wp-block-buttons-is-layout-flex\">\n<div class=\"wp-block-button\"><a class=\"wp-block-button__link wp-element-button\" href=\"https:\/\/telerob-marketing.com\/wp-content\/uploads\/2026\/02\/EN_Telerob-Data-sheet_Robo-Command_082025.pdf\">Open Data Sheet<\/a><\/div>\n\n\n\n<div class=\"wp-block-button\"><a class=\"wp-block-button__link wp-element-button\" href=\"https:\/\/telerob-marketing.com\/wp-content\/uploads\/2025\/10\/EN_Product-description-Robo-Command_092025.pdf\">Open Product Description<\/a><\/div>\n<\/div>\n<\/div>\n\n\n\n<p><\/p>","protected":false},"excerpt":{"rendered":"<p>Robo Command Die Bedienstation Robo Command erm\u00f6glicht ein einheitliches Bedienkonzept f\u00fcr die unbemannten Bodenfahrzeuge tEODor EVO und telemax EVO. Alle Roboter einer Flotte k\u00f6nnen \u00fcber ein Robo Command bedient werden, so dass ein Mehrroboterbetrieb m\u00f6glich ist und der Schulungsaufwand f\u00fcr die Bediener reduziert wird.<\/p>","protected":false},"author":1,"featured_media":0,"parent":0,"menu_order":0,"comment_status":"closed","ping_status":"closed","template":"","meta":{"footnotes":""},"class_list":["post-112","page","type-page","status-publish","hentry"],"aioseo_notices":[],"_links":{"self":[{"href":"https:\/\/telerob-marketing.com\/en\/wp-json\/wp\/v2\/pages\/112","targetHints":{"allow":["GET"]}}],"collection":[{"href":"https:\/\/telerob-marketing.com\/en\/wp-json\/wp\/v2\/pages"}],"about":[{"href":"https:\/\/telerob-marketing.com\/en\/wp-json\/wp\/v2\/types\/page"}],"author":[{"embeddable":true,"href":"https:\/\/telerob-marketing.com\/en\/wp-json\/wp\/v2\/users\/1"}],"replies":[{"embeddable":true,"href":"https:\/\/telerob-marketing.com\/en\/wp-json\/wp\/v2\/comments?post=112"}],"version-history":[{"count":15,"href":"https:\/\/telerob-marketing.com\/en\/wp-json\/wp\/v2\/pages\/112\/revisions"}],"predecessor-version":[{"id":700,"href":"https:\/\/telerob-marketing.com\/en\/wp-json\/wp\/v2\/pages\/112\/revisions\/700"}],"wp:attachment":[{"href":"https:\/\/telerob-marketing.com\/en\/wp-json\/wp\/v2\/media?parent=112"}],"curies":[{"name":"wp","href":"https:\/\/api.w.org\/{rel}","templated":true}]}}